{"id":9,"date":"2024-12-16T14:53:17","date_gmt":"2024-12-16T13:53:17","guid":{"rendered":"https:\/\/www.optimalways.com\/?page_id=9"},"modified":"2026-03-13T08:54:39","modified_gmt":"2026-03-13T07:54:39","slug":"contact","status":"publish","type":"page","link":"https:\/\/www.optimalways.com\/fr\/contact\/","title":{"rendered":"Contact"},"content":{"rendered":"\t\t<div data-elementor-type=\"wp-page\" data-elementor-id=\"9\" class=\"elementor elementor-9\" data-elementor-post-type=\"page\">\n\t\t\t\t<div class=\"elementor-element elementor-element-58705f8 e-flex e-con-boxed e-con e-parent\" data-id=\"58705f8\" data-element_type=\"container\" data-e-type=\"container\" data-settings=\"{&quot;background_background&quot;:&quot;classic&quot;}\">\n\t\t\t\t\t<div class=\"e-con-inner\">\n\t\t<div class=\"elementor-element elementor-element-3494118 e-con-full e-flex e-con e-child\" data-id=\"3494118\" data-element_type=\"container\" data-e-type=\"container\">\n\t\t\t\t<div class=\"elementor-element elementor-element-aed776b elementor-widget elementor-widget-heading\" data-id=\"aed776b\" data-element_type=\"widget\" data-e-type=\"widget\" data-widget_type=\"heading.default\">\n\t\t\t\t<div class=\"elementor-widget-container\">\n\t\t\t\t\t<h1 class=\"elementor-heading-title elementor-size-default\">Contactez-nous<\/h1>\t\t\t\t<\/div>\n\t\t\t\t<\/div>\n\t\t\t\t<div class=\"elementor-element elementor-element-39d5d88 elementor-widget elementor-widget-text-editor\" data-id=\"39d5d88\" data-element_type=\"widget\" data-e-type=\"widget\" data-widget_type=\"text-editor.default\">\n\t\t\t\t<div class=\"elementor-widget-container\">\n\t\t\t\t\t\t\t\t\t<p><span data-sheets-root=\"1\">Vous avez une <strong>question<\/strong>, un <strong>projet<\/strong> ou une <strong>id\u00e9e<\/strong> \u00e0 partager ? <br \/><\/span><span data-sheets-root=\"1\">Notre \u00e9quipe se tient \u00e0 votre disposition pour vous <strong>accompagner dans vos initiatives<\/strong> en <strong>Digital Analytics<\/strong>, <strong>optimisation<\/strong> et <strong>ecommerce<\/strong>. <\/span><\/p>\t\t\t\t\t\t\t\t<\/div>\n\t\t\t\t<\/div>\n\t\t\t\t<\/div>\n\t\t\t\t\t<\/div>\n\t\t\t\t<\/div>\n\t\t<div class=\"elementor-element elementor-element-cf34cb3 e-flex e-con-boxed e-con e-parent\" data-id=\"cf34cb3\" data-element_type=\"container\" data-e-type=\"container\">\n\t\t\t\t\t<div class=\"e-con-inner\">\n\t\t<div class=\"elementor-element elementor-element-a20bc7d e-con-full e-flex e-con e-child\" data-id=\"a20bc7d\" data-element_type=\"container\" data-e-type=\"container\">\n\t\t\t\t<div class=\"elementor-element elementor-element-93ebb67 elementor-widget elementor-widget-image\" data-id=\"93ebb67\" data-element_type=\"widget\" data-e-type=\"widget\" data-widget_type=\"image.default\">\n\t\t\t\t<div class=\"elementor-widget-container\">\n\t\t\t\t\t\t\t\t\t\t\t\t\t\t\t<img fetchpriority=\"high\" decoding=\"async\" width=\"686\" height=\"337\" src=\"https:\/\/www.optimalways.com\/wp-content\/uploads\/2026\/02\/bureau-paris.jpg\" class=\"attachment-full size-full wp-image-14023\" alt=\"\" srcset=\"https:\/\/www.optimalways.com\/wp-content\/uploads\/2026\/02\/bureau-paris.jpg 686w, https:\/\/www.optimalways.com\/wp-content\/uploads\/2026\/02\/bureau-paris-300x147.jpg 300w\" sizes=\"(max-width: 686px) 100vw, 686px\" \/>\t\t\t\t\t\t\t\t\t\t\t\t\t\t\t<\/div>\n\t\t\t\t<\/div>\n\t\t\t\t<div class=\"elementor-element elementor-element-1d1a34c elementor-widget elementor-widget-heading\" data-id=\"1d1a34c\" data-element_type=\"widget\" data-e-type=\"widget\" data-widget_type=\"heading.default\">\n\t\t\t\t<div class=\"elementor-widget-container\">\n\t\t\t\t\t<h2 class=\"elementor-heading-title elementor-size-default\">Paris<\/h2>\t\t\t\t<\/div>\n\t\t\t\t<\/div>\n\t\t\t\t<div class=\"elementor-element elementor-element-a29a323 elementor-widget elementor-widget-text-editor\" data-id=\"a29a323\" data-element_type=\"widget\" data-e-type=\"widget\" data-widget_type=\"text-editor.default\">\n\t\t\t\t<div class=\"elementor-widget-container\">\n\t\t\t\t\t\t\t\t\t<p><strong>Flex-O Paris Haussmann\u2028<\/strong><br>69 Boulevard Haussmann\u2028<br>75008 Paris<\/p>\n<p><strong>T\u00e9l\u2028<\/strong><br><a href=\"tel:0185099631\">+33 (0)1 85 09 96 31<\/a><\/p>\n<p><strong>Acc\u00e8s<\/strong><br>\u2028Gare SNCF St Lazare \u00e0 150 m\u2028<br>Lignes de RER A et E\u2028<br>M\u00e9tro M3, M9, M13, M12, M14<\/p>\t\t\t\t\t\t\t\t<\/div>\n\t\t\t\t<\/div>\n\t\t\t\t<div class=\"elementor-element elementor-element-979407e elementor-align-center elementor-widget elementor-widget-button\" data-id=\"979407e\" data-element_type=\"widget\" data-e-type=\"widget\" data-widget_type=\"button.default\">\n\t\t\t\t<div class=\"elementor-widget-container\">\n\t\t\t\t\t\t\t\t\t<div class=\"elementor-button-wrapper\">\n\t\t\t\t\t<a class=\"elementor-button elementor-button-link elementor-size-sm\" href=\"https:\/\/maps.app.goo.gl\/t3nh1u1g6F94i6HLA\" target=\"_blank\">\n\t\t\t\t\t\t<span class=\"elementor-button-content-wrapper\">\n\t\t\t\t\t\t\t\t\t<span class=\"elementor-button-text\">Itin\u00e9raire &gt;<\/span>\n\t\t\t\t\t<\/span>\n\t\t\t\t\t<\/a>\n\t\t\t\t<\/div>\n\t\t\t\t\t\t\t\t<\/div>\n\t\t\t\t<\/div>\n\t\t\t\t<\/div>\n\t\t<div class=\"elementor-element elementor-element-9252257 e-con-full e-flex e-con e-child\" data-id=\"9252257\" data-element_type=\"container\" data-e-type=\"container\">\n\t\t\t\t<div class=\"elementor-element elementor-element-244c6aa elementor-widget elementor-widget-image\" data-id=\"244c6aa\" data-element_type=\"widget\" data-e-type=\"widget\" data-widget_type=\"image.default\">\n\t\t\t\t<div class=\"elementor-widget-container\">\n\t\t\t\t\t\t\t\t\t\t\t\t\t\t\t<img decoding=\"async\" src=\"https:\/\/www.optimalways.com\/wp-content\/uploads\/2026\/02\/bureau-lille.jpg\" title=\"bureau-lille\" alt=\"bureau-lille\" loading=\"lazy\" \/>\t\t\t\t\t\t\t\t\t\t\t\t\t\t\t<\/div>\n\t\t\t\t<\/div>\n\t\t\t\t<div class=\"elementor-element elementor-element-6a3cd6f elementor-widget elementor-widget-heading\" data-id=\"6a3cd6f\" data-element_type=\"widget\" data-e-type=\"widget\" data-widget_type=\"heading.default\">\n\t\t\t\t<div class=\"elementor-widget-container\">\n\t\t\t\t\t<h2 class=\"elementor-heading-title elementor-size-default\">Lille<\/h2>\t\t\t\t<\/div>\n\t\t\t\t<\/div>\n\t\t\t\t<div class=\"elementor-element elementor-element-b5caa00 elementor-widget elementor-widget-text-editor\" data-id=\"b5caa00\" data-element_type=\"widget\" data-e-type=\"widget\" data-widget_type=\"text-editor.default\">\n\t\t\t\t<div class=\"elementor-widget-container\">\n\t\t\t\t\t\t\t\t\t<p><strong>Flex-O Gare Lille Europe\u2028<\/strong><br \/>55 Rue de Luxembourg\u2028<br \/>59800 Lille<\/p><p><strong>T\u00e9l<\/strong><br \/><a href=\"tel:0359365035\">\u2028+33 (0)3 59 36 50 35<\/a><\/p><p><strong>Acc\u00e8s<\/strong><br \/>\u2028Gare Lille Europe au pied du complexe\u2028<br \/>M\u00e9tro Lille Europe au pied du complexe\u2028<\/p>\t\t\t\t\t\t\t\t<\/div>\n\t\t\t\t<\/div>\n\t\t\t\t<div class=\"elementor-element elementor-element-0ca76ff elementor-align-center elementor-widget elementor-widget-button\" data-id=\"0ca76ff\" data-element_type=\"widget\" data-e-type=\"widget\" data-widget_type=\"button.default\">\n\t\t\t\t<div class=\"elementor-widget-container\">\n\t\t\t\t\t\t\t\t\t<div class=\"elementor-button-wrapper\">\n\t\t\t\t\t<a class=\"elementor-button elementor-button-link elementor-size-sm\" href=\"https:\/\/maps.app.goo.gl\/xSi92gvSfAUP53wn7\" target=\"_blank\">\n\t\t\t\t\t\t<span class=\"elementor-button-content-wrapper\">\n\t\t\t\t\t\t\t\t\t<span class=\"elementor-button-text\">Itin\u00e9raire &gt;<\/span>\n\t\t\t\t\t<\/span>\n\t\t\t\t\t<\/a>\n\t\t\t\t<\/div>\n\t\t\t\t\t\t\t\t<\/div>\n\t\t\t\t<\/div>\n\t\t\t\t<\/div>\n\t\t\t\t\t<\/div>\n\t\t\t\t<\/div>\n\t\t<div class=\"elementor-element elementor-element-4a32383 e-flex e-con-boxed e-con e-parent\" data-id=\"4a32383\" data-element_type=\"container\" data-e-type=\"container\" data-settings=\"{&quot;background_background&quot;:&quot;classic&quot;}\">\n\t\t\t\t\t<div class=\"e-con-inner\">\n\t\t\t\t<div class=\"elementor-element elementor-element-81cb0dc elementor-widget elementor-widget-text-editor\" data-id=\"81cb0dc\" data-element_type=\"widget\" data-e-type=\"widget\" data-widget_type=\"text-editor.default\">\n\t\t\t\t<div class=\"elementor-widget-container\">\n\t\t\t\t\t\t\t\t\t<p><span data-sheets-root=\"1\">Chez <strong>Optimal Ways<\/strong>, chaque \u00e9change est une opportunit\u00e9 de construire ensemble des solutions align\u00e9es avec vos ambitions. <\/span><\/p>\t\t\t\t\t\t\t\t<\/div>\n\t\t\t\t<\/div>\n\t\t\t\t<div class=\"elementor-element elementor-element-9896b01 elementor-widget__width-initial elementor-widget elementor-widget-shortcode\" data-id=\"9896b01\" data-element_type=\"widget\" data-e-type=\"widget\" data-widget_type=\"shortcode.default\">\n\t\t\t\t<div class=\"elementor-widget-container\">\n\t\t\t\t\t\t\t<div class=\"elementor-shortcode\"><div class=\"everest-forms\"><div class=\"evf-container default\" id=\"evf-9616\"><form id=\"evf-form-9616\" class=\"everest-form\" data-formid=\"9616\" data-ajax_submission=\"0\" data-keyboard_friendly_form=\"0\" data-form_state_type=\"\" method=\"post\" enctype=\"multipart\/form-data\" action=\"\/fr\/wp-json\/wp\/v2\/pages\/9\"><div class=\"evf-field-container\"><input type=\"hidden\" id=\"_wpnonce9616\" name=\"_wpnonce9616\" value=\"705c11ddce\" \/><input type=\"hidden\" name=\"_wp_http_referer\" value=\"\/fr\/wp-json\/wp\/v2\/pages\/9\" \/><div class=\"evf-frontend-row\" data-row=\"row_1\" conditional_rules=\"[]\"><div class=\"evf-frontend-grid evf-grid-1\" data-grid=\"grid_1\"><div id=\"evf-9616-field_fullname-container\" class=\"evf-field evf-field-text form-row validate-required\" data-required-field-message=\"Ce champ est n\u00e9cessaire.\" data-field-id=\"fullname\"><label class=\"evf-field-label\" for=\"evf-9616-field_fullname\"><span class=\"evf-label\">Nom \/ Pr\u00e9nom \/ Soci\u00e9t\u00e9 :<\/span> <abbr class=\"required\" title=\"N\u00e9cessaire\">*<\/abbr><\/label><input type=\"text\" id=\"evf-9616-field_fullname\" class=\"input-text\" name=\"everest_forms[form_fields][fullname]\" required><\/div><div id=\"evf-9616-field_Tg9eqqi938-1-container\" class=\"evf-field evf-field-text form-row validate-required\" data-required-field-message=\"Ce champ est n\u00e9cessaire.\" data-field-id=\"Tg9eqqi938-1\"><label class=\"evf-field-label\" for=\"evf-9616-field_Tg9eqqi938-1\"><span class=\"evf-label\">T\u00e9l\u00e9phone :<\/span> <abbr class=\"required\" title=\"N\u00e9cessaire\">*<\/abbr><\/label><input type=\"text\" id=\"evf-9616-field_Tg9eqqi938-1\" class=\"input-text\" name=\"everest_forms[form_fields][Tg9eqqi938-1]\" required><\/div><div id=\"evf-9616-field_email-container\" class=\"evf-field evf-field-email form-row validate-required validate-email\" data-required-field-message=\"Veuillez entrer une adresse e-mail valide.\" data-field-id=\"email\"><label class=\"evf-field-label\" for=\"evf-9616-field_email\"><span class=\"evf-label\">Email :<\/span> <abbr class=\"required\" title=\"N\u00e9cessaire\">*<\/abbr><\/label><input type=\"email\" id=\"evf-9616-field_email\" class=\"input-text\" name=\"everest_forms[form_fields][email]\" required ><\/div><div id=\"evf-9616-field_message-container\" class=\"evf-field evf-field-textarea form-row validate-required\" data-required-field-message=\"Ce champ est n\u00e9cessaire.\" data-field-id=\"message\"><label class=\"evf-field-label\" for=\"evf-9616-field_message\"><span class=\"evf-label\">Message:<\/span> <abbr class=\"required\" title=\"N\u00e9cessaire\">*<\/abbr><\/label><textarea id=\"evf-9616-field_message\" class=\"input-text\" name=\"everest_forms[form_fields][message]\" required ><\/textarea><\/div><div id=\"evf-9616-field_yq8yvfRDJU-2-container\" class=\"evf-field evf-field-recaptcha form-row\" data-field-id=\"yq8yvfRDJU-2\"><div class=\"evf-recaptcha-container recaptcha-hidden\" style=\"display:block\"><input type=\"hidden\" name=\"everest_forms[recaptcha]\" value=\"\"><\/div><\/div><\/div><\/div><\/div><div class=\"evf-honeypot-container evf-field-hp\"><label for=\"evf-9616-field-hp\" class=\"evf-field-label\">Name<\/label><input type=\"text\" name=\"everest_forms[hp]\" id=\"evf-9616-field-hp\" class=\"input-text\"><\/div><div class=\"evf-submit-container \" ><input type=\"hidden\" name=\"everest_forms[id]\" value=\"9616\"><input type=\"hidden\" name=\"everest_forms[author]\" value=\"1\"><button type='submit' name='everest_forms[submit]' class='everest-forms-submit-button button evf-submit ' id='evf-submit-9616' value='evf-submit' data-process-text=\"En traitement\u2026\" conditional_rules='&quot;&quot;' conditional_id='evf-submit-9616'  id=\"evf-submit-9616\" aria-live=\"assertive\">Envoyer &gt;<\/button><\/div><\/form><\/div><!-- .evf-container --><\/div> <\/div>\n\t\t\t\t\t\t<\/div>\n\t\t\t\t<\/div>\n\t\t\t\t\t<\/div>\n\t\t\t\t<\/div>\n\t\t\t\t<\/div>\n\t\t","protected":false},"excerpt":{"rendered":"<p>Contactez-nous Vous avez une question, un projet ou une id\u00e9e \u00e0 partager ? Notre \u00e9quipe se tient \u00e0 votre disposition pour vous accompagner dans vos initiatives en Digital Analytics, optimisation et ecommerce. Paris Flex-O Paris Haussmann\u202869 Boulevard Haussmann\u202875008 Paris T\u00e9l\u2028+33 (0)1 85 09 96 31 Acc\u00e8s\u2028Gare SNCF St Lazare \u00e0 150 m\u2028Lignes de RER A [&hellip;]<\/p>\n","protected":false},"author":1,"featured_media":0,"parent":0,"menu_order":0,"comment_status":"closed","ping_status":"closed","template":"","meta":{"content-type":"","footnotes":""},"class_list":["post-9","page","type-page","status-publish","hentry"],"yoast_head":"<!-- This site is optimized with the Yoast SEO Premium plugin v26.6 (Yoast SEO v27.0) - https:\/\/yoast.com\/product\/yoast-seo-premium-wordpress\/ -->\n<title>Contact - Optimal Ways, l&#039;agence de digital analytics et d&#039;optimisation pour l&#039;ecommerce (Paris, Lille)<\/title>\n<meta name=\"description\" content=\"Contactez-nous Vous avez une question, un projet ou une id\u00e9e \u00e0 partager ? Notre \u00e9quipe se tient \u00e0 votre disposition pour vous accompagner dans vos %\" \/>\n<meta name=\"robots\" content=\"index, follow, max-snippet:-1, max-image-preview:large, max-video-preview:-1\" \/>\n<link rel=\"canonical\" href=\"https:\/\/www.optimalways.com\/fr\/contact\/\" \/>\n<meta property=\"og:locale\" content=\"fr_FR\" \/>\n<meta property=\"og:type\" content=\"article\" \/>\n<meta property=\"og:title\" content=\"Contact\" \/>\n<meta property=\"og:description\" content=\"Contactez-nous Vous avez une question, un projet ou une id\u00e9e \u00e0 partager ? Notre \u00e9quipe se tient \u00e0 votre disposition pour vous accompagner dans vos %\" \/>\n<meta property=\"og:url\" content=\"https:\/\/www.optimalways.com\/fr\/contact\/\" \/>\n<meta property=\"og:site_name\" content=\"Optimal Ways, l&#039;agence de digital analytics et d&#039;optimisation pour l&#039;ecommerce (Paris, Lille)\" \/>\n<meta property=\"article:modified_time\" content=\"2026-03-13T07:54:39+00:00\" \/>\n<meta property=\"og:image\" content=\"https:\/\/www.optimalways.com\/wp-content\/uploads\/2026\/02\/bureau-paris.jpg\" \/>\n\t<meta property=\"og:image:width\" content=\"686\" \/>\n\t<meta property=\"og:image:height\" content=\"337\" \/>\n\t<meta property=\"og:image:type\" content=\"image\/jpeg\" \/>\n<meta name=\"twitter:card\" content=\"summary_large_image\" \/>\n<meta name=\"twitter:label1\" content=\"Dur\u00e9e de lecture estim\u00e9e\" \/>\n\t<meta name=\"twitter:data1\" content=\"1 minute\" \/>\n<script type=\"application\/ld+json\" class=\"yoast-schema-graph\">{\"@context\":\"https:\/\/schema.org\",\"@graph\":[{\"@type\":\"WebPage\",\"@id\":\"https:\/\/www.optimalways.com\/fr\/contact\/\",\"url\":\"https:\/\/www.optimalways.com\/fr\/contact\/\",\"name\":\"Contact - Optimal Ways, l&#039;agence de digital analytics et d&#039;optimisation pour l&#039;ecommerce (Paris, Lille)\",\"isPartOf\":{\"@id\":\"https:\/\/www.optimalways.com\/fr\/#website\"},\"primaryImageOfPage\":{\"@id\":\"https:\/\/www.optimalways.com\/fr\/contact\/#primaryimage\"},\"image\":{\"@id\":\"https:\/\/www.optimalways.com\/fr\/contact\/#primaryimage\"},\"thumbnailUrl\":\"https:\/\/www.optimalways.com\/wp-content\/uploads\/2026\/02\/bureau-paris.jpg\",\"datePublished\":\"2024-12-16T13:53:17+00:00\",\"dateModified\":\"2026-03-13T07:54:39+00:00\",\"description\":\"Contactez-nous Vous avez une question, un projet ou une id\u00e9e \u00e0 partager ? Notre \u00e9quipe se tient \u00e0 votre disposition pour vous accompagner dans vos %\",\"breadcrumb\":{\"@id\":\"https:\/\/www.optimalways.com\/fr\/contact\/#breadcrumb\"},\"inLanguage\":\"fr-FR\",\"potentialAction\":[{\"@type\":\"ReadAction\",\"target\":[\"https:\/\/www.optimalways.com\/fr\/contact\/\"]}]},{\"@type\":\"ImageObject\",\"inLanguage\":\"fr-FR\",\"@id\":\"https:\/\/www.optimalways.com\/fr\/contact\/#primaryimage\",\"url\":\"https:\/\/www.optimalways.com\/wp-content\/uploads\/2026\/02\/bureau-paris.jpg\",\"contentUrl\":\"https:\/\/www.optimalways.com\/wp-content\/uploads\/2026\/02\/bureau-paris.jpg\"},{\"@type\":\"BreadcrumbList\",\"@id\":\"https:\/\/www.optimalways.com\/fr\/contact\/#breadcrumb\",\"itemListElement\":[{\"@type\":\"ListItem\",\"position\":1,\"name\":\"Accueil\",\"item\":\"https:\/\/www.optimalways.com\/fr\/\"},{\"@type\":\"ListItem\",\"position\":2,\"name\":\"Contact\"}]},{\"@type\":\"WebSite\",\"@id\":\"https:\/\/www.optimalways.com\/fr\/#website\",\"url\":\"https:\/\/www.optimalways.com\/fr\/\",\"name\":\"Optimal Ways, l'agence de digital analytics et d'optimisation pour l'ecommerce (Paris, Lille)\",\"description\":\"\",\"publisher\":{\"@id\":\"https:\/\/www.optimalways.com\/fr\/#organization\"},\"potentialAction\":[{\"@type\":\"SearchAction\",\"target\":{\"@type\":\"EntryPoint\",\"urlTemplate\":\"https:\/\/www.optimalways.com\/fr\/?s={search_term_string}\"},\"query-input\":{\"@type\":\"PropertyValueSpecification\",\"valueRequired\":true,\"valueName\":\"search_term_string\"}}],\"inLanguage\":\"fr-FR\"},{\"@type\":\"Organization\",\"@id\":\"https:\/\/www.optimalways.com\/fr\/#organization\",\"name\":\"Optimal Ways\",\"url\":\"https:\/\/www.optimalways.com\/fr\/\",\"logo\":{\"@type\":\"ImageObject\",\"inLanguage\":\"fr-FR\",\"@id\":\"https:\/\/www.optimalways.com\/fr\/#\/schema\/logo\/image\/\",\"url\":\"https:\/\/www.optimalways.com\/wp-content\/uploads\/2024\/12\/optimal-ways.png\",\"contentUrl\":\"https:\/\/www.optimalways.com\/wp-content\/uploads\/2024\/12\/optimal-ways.png\",\"width\":515,\"height\":110,\"caption\":\"Optimal Ways\"},\"image\":{\"@id\":\"https:\/\/www.optimalways.com\/fr\/#\/schema\/logo\/image\/\"},\"sameAs\":[\"https:\/\/www.linkedin.com\/company\/optimal-ways\/\"]}]}<\/script>\n<!-- \/ Yoast SEO Premium plugin. -->","yoast_head_json":{"title":"Contact - Optimal Ways, l&#039;agence de digital analytics et d&#039;optimisation pour l&#039;ecommerce (Paris, Lille)","description":"Contactez-nous Vous avez une question, un projet ou une id\u00e9e \u00e0 partager ? Notre \u00e9quipe se tient \u00e0 votre disposition pour vous accompagner dans vos %","robots":{"index":"index","follow":"follow","max-snippet":"max-snippet:-1","max-image-preview":"max-image-preview:large","max-video-preview":"max-video-preview:-1"},"canonical":"https:\/\/www.optimalways.com\/fr\/contact\/","og_locale":"fr_FR","og_type":"article","og_title":"Contact","og_description":"Contactez-nous Vous avez une question, un projet ou une id\u00e9e \u00e0 partager ? Notre \u00e9quipe se tient \u00e0 votre disposition pour vous accompagner dans vos %","og_url":"https:\/\/www.optimalways.com\/fr\/contact\/","og_site_name":"Optimal Ways, l&#039;agence de digital analytics et d&#039;optimisation pour l&#039;ecommerce (Paris, Lille)","article_modified_time":"2026-03-13T07:54:39+00:00","og_image":[{"width":686,"height":337,"url":"https:\/\/www.optimalways.com\/wp-content\/uploads\/2026\/02\/bureau-paris.jpg","type":"image\/jpeg"}],"twitter_card":"summary_large_image","twitter_misc":{"Dur\u00e9e de lecture estim\u00e9e":"1 minute"},"schema":{"@context":"https:\/\/schema.org","@graph":[{"@type":"WebPage","@id":"https:\/\/www.optimalways.com\/fr\/contact\/","url":"https:\/\/www.optimalways.com\/fr\/contact\/","name":"Contact - Optimal Ways, l&#039;agence de digital analytics et d&#039;optimisation pour l&#039;ecommerce (Paris, Lille)","isPartOf":{"@id":"https:\/\/www.optimalways.com\/fr\/#website"},"primaryImageOfPage":{"@id":"https:\/\/www.optimalways.com\/fr\/contact\/#primaryimage"},"image":{"@id":"https:\/\/www.optimalways.com\/fr\/contact\/#primaryimage"},"thumbnailUrl":"https:\/\/www.optimalways.com\/wp-content\/uploads\/2026\/02\/bureau-paris.jpg","datePublished":"2024-12-16T13:53:17+00:00","dateModified":"2026-03-13T07:54:39+00:00","description":"Contactez-nous Vous avez une question, un projet ou une id\u00e9e \u00e0 partager ? Notre \u00e9quipe se tient \u00e0 votre disposition pour vous accompagner dans vos %","breadcrumb":{"@id":"https:\/\/www.optimalways.com\/fr\/contact\/#breadcrumb"},"inLanguage":"fr-FR","potentialAction":[{"@type":"ReadAction","target":["https:\/\/www.optimalways.com\/fr\/contact\/"]}]},{"@type":"ImageObject","inLanguage":"fr-FR","@id":"https:\/\/www.optimalways.com\/fr\/contact\/#primaryimage","url":"https:\/\/www.optimalways.com\/wp-content\/uploads\/2026\/02\/bureau-paris.jpg","contentUrl":"https:\/\/www.optimalways.com\/wp-content\/uploads\/2026\/02\/bureau-paris.jpg"},{"@type":"BreadcrumbList","@id":"https:\/\/www.optimalways.com\/fr\/contact\/#breadcrumb","itemListElement":[{"@type":"ListItem","position":1,"name":"Accueil","item":"https:\/\/www.optimalways.com\/fr\/"},{"@type":"ListItem","position":2,"name":"Contact"}]},{"@type":"WebSite","@id":"https:\/\/www.optimalways.com\/fr\/#website","url":"https:\/\/www.optimalways.com\/fr\/","name":"Optimal Ways, l'agence de digital analytics et d'optimisation pour l'ecommerce (Paris, Lille)","description":"","publisher":{"@id":"https:\/\/www.optimalways.com\/fr\/#organization"},"potentialAction":[{"@type":"SearchAction","target":{"@type":"EntryPoint","urlTemplate":"https:\/\/www.optimalways.com\/fr\/?s={search_term_string}"},"query-input":{"@type":"PropertyValueSpecification","valueRequired":true,"valueName":"search_term_string"}}],"inLanguage":"fr-FR"},{"@type":"Organization","@id":"https:\/\/www.optimalways.com\/fr\/#organization","name":"Optimal Ways","url":"https:\/\/www.optimalways.com\/fr\/","logo":{"@type":"ImageObject","inLanguage":"fr-FR","@id":"https:\/\/www.optimalways.com\/fr\/#\/schema\/logo\/image\/","url":"https:\/\/www.optimalways.com\/wp-content\/uploads\/2024\/12\/optimal-ways.png","contentUrl":"https:\/\/www.optimalways.com\/wp-content\/uploads\/2024\/12\/optimal-ways.png","width":515,"height":110,"caption":"Optimal Ways"},"image":{"@id":"https:\/\/www.optimalways.com\/fr\/#\/schema\/logo\/image\/"},"sameAs":["https:\/\/www.linkedin.com\/company\/optimal-ways\/"]}]}},"_links":{"self":[{"href":"https:\/\/www.optimalways.com\/fr\/wp-json\/wp\/v2\/pages\/9","targetHints":{"allow":["GET"]}}],"collection":[{"href":"https:\/\/www.optimalways.com\/fr\/wp-json\/wp\/v2\/pages"}],"about":[{"href":"https:\/\/www.optimalways.com\/fr\/wp-json\/wp\/v2\/types\/page"}],"author":[{"embeddable":true,"href":"https:\/\/www.optimalways.com\/fr\/wp-json\/wp\/v2\/users\/1"}],"replies":[{"embeddable":true,"href":"https:\/\/www.optimalways.com\/fr\/wp-json\/wp\/v2\/comments?post=9"}],"version-history":[{"count":42,"href":"https:\/\/www.optimalways.com\/fr\/wp-json\/wp\/v2\/pages\/9\/revisions"}],"predecessor-version":[{"id":14094,"href":"https:\/\/www.optimalways.com\/fr\/wp-json\/wp\/v2\/pages\/9\/revisions\/14094"}],"wp:attachment":[{"href":"https:\/\/www.optimalways.com\/fr\/wp-json\/wp\/v2\/media?parent=9"}],"curies":[{"name":"wp","href":"https:\/\/api.w.org\/{rel}","templated":true}]}}