{"id":78,"date":"2024-12-16T17:36:01","date_gmt":"2024-12-16T16:36:01","guid":{"rendered":"https:\/\/www.optimalways.com\/?page_id=78"},"modified":"2025-01-20T17:15:55","modified_gmt":"2025-01-20T16:15:55","slug":"conditions-generales-dutilisation","status":"publish","type":"page","link":"https:\/\/www.optimalways.com\/fr\/conditions-generales-dutilisation\/","title":{"rendered":"Conditions g\u00e9n\u00e9rales d\u2019utilisation"},"content":{"rendered":"\t\t<div data-elementor-type=\"wp-page\" data-elementor-id=\"78\" class=\"elementor elementor-78\" data-elementor-post-type=\"page\">\n\t\t\t\t<div class=\"elementor-element elementor-element-0c113e1 e-flex e-con-boxed e-con e-parent\" data-id=\"0c113e1\" data-element_type=\"container\" data-e-type=\"container\" data-settings=\"{&quot;background_background&quot;:&quot;classic&quot;}\">\n\t\t\t\t\t<div class=\"e-con-inner\">\n\t\t<div class=\"elementor-element elementor-element-ee06eae e-con-full e-flex e-con e-child\" data-id=\"ee06eae\" data-element_type=\"container\" data-e-type=\"container\">\n\t\t\t\t<div class=\"elementor-element elementor-element-eca095a elementor-widget__width-initial elementor-widget elementor-widget-heading\" data-id=\"eca095a\" data-element_type=\"widget\" data-e-type=\"widget\" data-widget_type=\"heading.default\">\n\t\t\t\t<div class=\"elementor-widget-container\">\n\t\t\t\t\t<h1 class=\"elementor-heading-title elementor-size-default\">Conditions g\u00e9n\u00e9rales d\u2019utilisation\n<\/h1>\t\t\t\t<\/div>\n\t\t\t\t<\/div>\n\t\t\t\t<\/div>\n\t\t\t\t\t<\/div>\n\t\t\t\t<\/div>\n\t\t<div class=\"elementor-element elementor-element-6db68e9 e-flex e-con-boxed e-con e-parent\" data-id=\"6db68e9\" data-element_type=\"container\" data-e-type=\"container\">\n\t\t\t\t\t<div class=\"e-con-inner\">\n\t\t\t\t<div class=\"elementor-element elementor-element-eba15b8 elementor-widget elementor-widget-text-editor\" data-id=\"eba15b8\" data-element_type=\"widget\" data-e-type=\"widget\" data-widget_type=\"text-editor.default\">\n\t\t\t\t<div class=\"elementor-widget-container\">\n\t\t\t\t\t\t\t\t\t<p>Les pr\u00e9sentes conditions g\u00e9n\u00e9rales d\u2019utilisation (ci-apr\u00e8s d\u00e9nomm\u00e9es CGU) ont pour objet de d\u00e9finir les modalit\u00e9s et conditions dans lesquelles Optimal Ways met \u00e0 la disposition des utilisateurs (ci-apr\u00e8s d\u00e9nomm\u00e9s les Utilisateurs) du site https:\/\/www.optimalways.com\/fr\/ (ci-apr\u00e8s d\u00e9nomm\u00e9 le Site) les services associ\u00e9s et la mani\u00e8re par laquelle les Utilisateurs acc\u00e8dent au Site et utilisent ses services.<\/p><p>Toute connexion au Site est subordonn\u00e9e au respect des CGU.<\/p><p>L\u2019Utilisateur reconna\u00eet \u00e0 ce titre que le simple acc\u00e8s au Site implique l\u2019acceptation de l\u2019ensemble des conditions d\u00e9crites ci-apr\u00e8s.<\/p><p>\u00a0<\/p><h2>1. Acc\u00e8s et fonctionnement du site<\/h2><p>L\u2019Utilisateur du Site reconna\u00eet avoir v\u00e9rifi\u00e9 que la configuration informatique qu\u2019il utilise ne contient aucun virus et qu\u2019elle est en parfait \u00e9tat de fonctionnement.<\/p><p>Il est rappel\u00e9 que le secret des correspondances n\u2019est pas garanti sur le r\u00e9seau internet et qu\u2019il appartient \u00e0 chaque Utilisateur d\u2019Internet de prendre toutes les mesures appropri\u00e9es de fa\u00e7on \u00e0 prot\u00e9ger ses propres donn\u00e9es et\/ou logiciels de la contamination d\u2019\u00e9ventuels virus circulant sur le r\u00e9seau.<\/p><p>Optimal Ways ne saurait \u00eatre tenue pour responsable d\u2019\u00e9ventuels dommages, directs ou indirects, pouvant d\u00e9couler de l\u2019acc\u00e8s, de l\u2019utilisation ou du t\u00e9l\u00e9chargement de contenu via le Site, notamment un dommage ou virus qui pourrait infecter l\u2019ordinateur de l\u2019Utilisateur ou tout autre mat\u00e9riel.<\/p><p>Optimal Ways s\u2019efforce de permettre l\u2019acc\u00e8s au Site 24 heures sur 24, 7 jours sur 7, sauf en cas de force majeure ou d\u2019un \u00e9v\u00e9nement hors de son contr\u00f4le, et sous r\u00e9serve des \u00e9ventuelles pannes et interventions de maintenance n\u00e9cessaires au bon fonctionnement du Site et des services.<\/p><p>Par cons\u00e9quent, Optimal Ways ne peut garantir une disponibilit\u00e9 du Site et\/ou des services, une fiabilit\u00e9 des transmissions et des performances en termes de temps de r\u00e9ponse ou de qualit\u00e9. Il n\u2019est pr\u00e9vu aucune assistance technique vis-\u00e0-vis de l\u2019Utilisateur que ce soit par des moyens \u00e9lectronique ou t\u00e9l\u00e9phonique.<\/p><p>La responsabilit\u00e9 d\u2019Optimal Ways ne saurait \u00eatre engag\u00e9e en cas d\u2019impossibilit\u00e9 d\u2019acc\u00e8s \u00e0 ce Site et\/ou d\u2019utilisation des services.<\/p><p>Par ailleurs, Optimal Ways peut \u00eatre amen\u00e9e \u00e0 interrompre le Site ou une partie des services, \u00e0 tout moment sans pr\u00e9avis, le tout sans droit \u00e0 indemnit\u00e9s. L\u2019Utilisateur reconna\u00eet et accepte qu\u2019Optimal Ways ne soit pas responsable des interruptions, et des cons\u00e9quences qui peuvent en d\u00e9couler pour l\u2019Utilisateur ou tout tiers.<\/p><p>\u00a0<\/p><h2>2. Contenu du site<\/h2><p>Les informations et\/ou documents figurant sur le Site et\/ou accessibles par le Site proviennent de sources consid\u00e9r\u00e9es comme \u00e9tant fiables.<\/p><p>Toutefois, ces informations et\/ou documents sont susceptibles de contenir des inexactitudes techniques et des erreurs typographiques.<\/p><p>Optimal Ways se r\u00e9serve le droit de les corriger, d\u00e8s que ces erreurs sont port\u00e9es \u00e0 sa connaissance.<\/p><p>Il est fortement recommand\u00e9 de v\u00e9rifier l\u2019exactitude et la pertinence des informations et\/ou documents mis \u00e0 disposition sur le Site.<\/p><p>Les informations et\/ou documents disponibles sur le Site sont susceptibles d\u2019\u00eatre modifi\u00e9s \u00e0 tout moment et peuvent avoir fait l\u2019objet de mises \u00e0 jour. En particulier, ils peuvent avoir fait l\u2019objet d\u2019une mise \u00e0 jour entre le moment de leur t\u00e9l\u00e9chargement et celui o\u00f9 l\u2019Utilisateur en prend connaissance.<\/p><p>L\u2019utilisation des informations et\/ou documents disponibles sur le Site se fait sous l\u2019enti\u00e8re et seule responsabilit\u00e9 de l\u2019Utilisateur, qui assume la totalit\u00e9 des cons\u00e9quences pouvant en d\u00e9couler, sans que la responsabilit\u00e9 d\u2019Optimal Ways puisse \u00eatre recherch\u00e9e.<\/p><p>Optimal Ways ne pourra en aucun cas \u00eatre tenue responsable de tout dommage, de quelque nature qu\u2019il soit, r\u00e9sultant de l\u2019interpr\u00e9tation ou de l\u2019utilisation des informations et\/ou documents disponibles sur le Site.<\/p><p>\u00a0<\/p><h2>3. Propri\u00e9t\u00e9 intellectuelle et contrefa\u00e7ons<\/h2><p>Le site internet https:\/\/www.optimalways.com\/fr\/ est la propri\u00e9t\u00e9 exclusive d\u2019Optimal Ways, 45\/1, avenue de Flandre, 59290 WASQUEHAL.<br \/>La structure g\u00e9n\u00e9rale du Site et son contenu sont la propri\u00e9t\u00e9 exclusive d\u2019Optimal Ways et font l\u2019objet d\u2019une protection l\u00e9gale au titre de la propri\u00e9t\u00e9 intellectuelle (bases de donn\u00e9es, logiciels, marques, textes, images, graphismes, logo, ic\u00f4nes, sons, etc.).<\/p><p>Toute reproduction, repr\u00e9sentation ou adaptation totale ou partielle du Site par une personne physique ou morale, par quelque proc\u00e9d\u00e9 que ce soit, sans l\u2019autorisation expresse d\u2019Optimal Ways, est interdite et constituerait un acte de contrefa\u00e7on sanctionn\u00e9 notamment par les articles L. 335-2 et suivants du Code de la propri\u00e9t\u00e9 intellectuelle.<\/p><p>Toute r\u00e9utilisation ou extraction totale ou partielle des bases de donn\u00e9es du Site par une personne physique ou morale, par quelque proc\u00e9d\u00e9 que ce soit, est interdite et constituerait un acte de contrefa\u00e7on sanctionn\u00e9 par les articles L. 343-1 et suivants du Code de la propri\u00e9t\u00e9 intellectuelle.<\/p><p>Toute reproduction totale ou partielle des marques et logos d\u2019Optimal Ways r\u00e9alis\u00e9e sans son autorisation expresse est interdite en application des articles L. 713-2 et suivants du Code de la propri\u00e9t\u00e9 intellectuelle.<\/p><p>\u00a0<\/p><h2>4. Liens hypertextes<\/h2><p>La cr\u00e9ation de liens hypertextes vers le site https:\/\/www.optimalways.com\/fr\/ est soumis \u00e0 l\u2019accord pr\u00e9alable du directeur de la publication. Les liens hypertextes \u00e9tablis en direction d\u2019autres sites \u00e0 partir de https:\/\/www.optimalways.com\/fr\/ ne sauraient, en aucun cas, engager la responsabilit\u00e9 d\u2019Optimal Ways.<\/p><p>Le Site peut contenir des liens hypertextes ciblant d\u2019autres sites pr\u00e9sents sur le r\u00e9seau internet. Les liens vers ces autres ressources vous font quitter le Site.<\/p><p>Ces liens sont fournis \u00e0 toute fin utile et ne constituent ni ne sous-entendent aucune caution ni approbation du site en question, de son propri\u00e9taire ou de son contenu de la part d\u2019Optimal Ways, qui ne donne aucune garantie concernant le fonctionnement de ces liens et la disponibilit\u00e9 des pages vers lesquelles ils pointent.<\/p><p>Le cas \u00e9ch\u00e9ant, il peut \u00eatre propos\u00e9 des liens depuis le Site vers des sites tiers (partenaires, informations, etc.). Ces sites sont ind\u00e9pendants en ce sens qu\u2019Optimal Ways n\u2019\u00e9dite ni ne contr\u00f4le lesdits sites. Ainsi, Optimal Ways n\u2019a pas la possibilit\u00e9 de v\u00e9rifier le contenu des sites ainsi visit\u00e9s et, d\u00e8s lors, ne saurait \u00eatre responsable de leurs contenus, leurs produits, leurs publicit\u00e9s ou de tout autre \u00e9l\u00e9ment ou service pr\u00e9sent\u00e9 sur ces sites tiers, ce que l\u2019Utilisateur reconna\u00eet et accepte.<\/p><p>\u00a0<\/p><h2>5. Droit \u00e0 l\u2019image<\/h2><p>L\u2019article 226-1 2\u00b0 du Code p\u00e9nal pr\u00e9voit qu\u2019il n\u2019est possible de diffuser une photographie repr\u00e9sentant une personne se trouvant dans un lieu priv\u00e9 qu\u2019avec son autorisation.<\/p><p>Les photos et vid\u00e9os sur le site repr\u00e9sentant les collaborateurs d\u2019Optimal Ways ne doivent pas \u00eatre utilis\u00e9es dans un autre contexte que sur le Site.<\/p><p>\u00a0<\/p><h2>6. Loi applicable et juridiction comp\u00e9tente<\/h2><p>Le Site est r\u00e9gi par la loi fran\u00e7aise. Les pr\u00e9sentes mentions l\u00e9gales et conditions d\u2019utilisation du Site sont soumises au droit fran\u00e7ais. En cas de diff\u00e9rend et \u00e0 d\u00e9faut d\u2019accord amiable, le litige sera port\u00e9 devant les tribunaux fran\u00e7ais, conform\u00e9ment aux r\u00e8gles de comp\u00e9tence en vigueur pr\u00e9vues par le Code de proc\u00e9dure civile.<\/p><p>\u00a0<\/p><h2>7. Modification des conditions d\u2019utilisation<\/h2><p>Optimal Ways se r\u00e9serve la possibilit\u00e9 de modifier, \u00e0 tout moment et sans pr\u00e9avis, les pr\u00e9sentes conditions g\u00e9n\u00e9rales d\u2019utilisation, afin de les adapter aux \u00e9volutions du Site et\/ou de son exploitation.<\/p><p>\u00a0<\/p><h2>8. Protection des donn\u00e9es personnelles<\/h2><p>Conform\u00e9ment \u00e0 la r\u00e9glementation applicable, Optimal Ways, en qualit\u00e9 de responsable de traitement, garantit le respect de la vie priv\u00e9e des Utilisateurs du Site.<\/p><p>Pour en savoir plus : <a href=\"https:\/\/www.optimalways.com\/politique-de-confidentialite\/\">Politique de confidentialit\u00e9<\/a>.<\/p>\t\t\t\t\t\t\t\t<\/div>\n\t\t\t\t<\/div>\n\t\t\t\t\t<\/div>\n\t\t\t\t<\/div>\n\t\t\t\t<\/div>\n\t\t","protected":false},"excerpt":{"rendered":"<p>Conditions g\u00e9n\u00e9rales d\u2019utilisation Les pr\u00e9sentes conditions g\u00e9n\u00e9rales d\u2019utilisation (ci-apr\u00e8s d\u00e9nomm\u00e9es CGU) ont pour objet de d\u00e9finir les modalit\u00e9s et conditions dans lesquelles Optimal Ways met \u00e0 la disposition des utilisateurs (ci-apr\u00e8s d\u00e9nomm\u00e9s les Utilisateurs) du site https:\/\/www.optimalways.com\/fr\/ (ci-apr\u00e8s d\u00e9nomm\u00e9 le Site) les services associ\u00e9s et la mani\u00e8re par laquelle les Utilisateurs acc\u00e8dent au Site et [&hellip;]<\/p>\n","protected":false},"author":1,"featured_media":0,"parent":0,"menu_order":0,"comment_status":"closed","ping_status":"closed","template":"","meta":{"content-type":"","footnotes":""},"class_list":["post-78","page","type-page","status-publish","hentry"],"yoast_head":"<!-- This site is optimized with the Yoast SEO Premium plugin v26.6 (Yoast SEO v27.4) - https:\/\/yoast.com\/product\/yoast-seo-premium-wordpress\/ -->\n<title>Conditions g\u00e9n\u00e9rales d\u2019utilisation - Optimal Ways, l&#039;agence de digital analytics et d&#039;optimisation pour l&#039;ecommerce (Paris, Lille)<\/title>\n<meta name=\"description\" content=\"Conditions g\u00e9n\u00e9rales d\u2019utilisation Les pr\u00e9sentes conditions g\u00e9n\u00e9rales d\u2019utilisation (ci-apr\u00e8s d\u00e9nomm\u00e9es CGU) ont pour objet de d\u00e9finir les modalit\u00e9s et %\" \/>\n<meta name=\"robots\" content=\"index, follow, max-snippet:-1, max-image-preview:large, max-video-preview:-1\" \/>\n<link rel=\"canonical\" href=\"https:\/\/www.optimalways.com\/fr\/conditions-generales-dutilisation\/\" \/>\n<meta property=\"og:locale\" content=\"fr_FR\" \/>\n<meta property=\"og:type\" content=\"article\" \/>\n<meta property=\"og:title\" content=\"Conditions g\u00e9n\u00e9rales d\u2019utilisation\" \/>\n<meta property=\"og:description\" content=\"Conditions g\u00e9n\u00e9rales d\u2019utilisation Les pr\u00e9sentes conditions g\u00e9n\u00e9rales d\u2019utilisation (ci-apr\u00e8s d\u00e9nomm\u00e9es CGU) ont pour objet de d\u00e9finir les modalit\u00e9s et %\" \/>\n<meta property=\"og:url\" content=\"https:\/\/www.optimalways.com\/fr\/conditions-generales-dutilisation\/\" \/>\n<meta property=\"og:site_name\" content=\"Optimal Ways, l&#039;agence de digital analytics et d&#039;optimisation pour l&#039;ecommerce (Paris, Lille)\" \/>\n<meta property=\"article:modified_time\" content=\"2025-01-20T16:15:55+00:00\" \/>\n<meta name=\"twitter:card\" content=\"summary_large_image\" \/>\n<meta name=\"twitter:label1\" content=\"Dur\u00e9e de lecture estim\u00e9e\" \/>\n\t<meta name=\"twitter:data1\" content=\"7 minutes\" \/>\n<script type=\"application\/ld+json\" class=\"yoast-schema-graph\">{\"@context\":\"https:\\\/\\\/schema.org\",\"@graph\":[{\"@type\":\"WebPage\",\"@id\":\"https:\\\/\\\/www.optimalways.com\\\/fr\\\/conditions-generales-dutilisation\\\/\",\"url\":\"https:\\\/\\\/www.optimalways.com\\\/fr\\\/conditions-generales-dutilisation\\\/\",\"name\":\"Conditions g\u00e9n\u00e9rales d\u2019utilisation - Optimal Ways, l&#039;agence de digital analytics et d&#039;optimisation pour l&#039;ecommerce (Paris, Lille)\",\"isPartOf\":{\"@id\":\"https:\\\/\\\/www.optimalways.com\\\/fr\\\/#website\"},\"datePublished\":\"2024-12-16T16:36:01+00:00\",\"dateModified\":\"2025-01-20T16:15:55+00:00\",\"description\":\"Conditions g\u00e9n\u00e9rales d\u2019utilisation Les pr\u00e9sentes conditions g\u00e9n\u00e9rales d\u2019utilisation (ci-apr\u00e8s d\u00e9nomm\u00e9es CGU) ont pour objet de d\u00e9finir les modalit\u00e9s et %\",\"breadcrumb\":{\"@id\":\"https:\\\/\\\/www.optimalways.com\\\/fr\\\/conditions-generales-dutilisation\\\/#breadcrumb\"},\"inLanguage\":\"fr-FR\",\"potentialAction\":[{\"@type\":\"ReadAction\",\"target\":[\"https:\\\/\\\/www.optimalways.com\\\/fr\\\/conditions-generales-dutilisation\\\/\"]}]},{\"@type\":\"BreadcrumbList\",\"@id\":\"https:\\\/\\\/www.optimalways.com\\\/fr\\\/conditions-generales-dutilisation\\\/#breadcrumb\",\"itemListElement\":[{\"@type\":\"ListItem\",\"position\":1,\"name\":\"Accueil\",\"item\":\"https:\\\/\\\/www.optimalways.com\\\/fr\\\/\"},{\"@type\":\"ListItem\",\"position\":2,\"name\":\"Conditions g\u00e9n\u00e9rales d\u2019utilisation\"}]},{\"@type\":\"WebSite\",\"@id\":\"https:\\\/\\\/www.optimalways.com\\\/fr\\\/#website\",\"url\":\"https:\\\/\\\/www.optimalways.com\\\/fr\\\/\",\"name\":\"Optimal Ways, l'agence de digital analytics et d'optimisation pour l'ecommerce (Paris, Lille)\",\"description\":\"\",\"publisher\":{\"@id\":\"https:\\\/\\\/www.optimalways.com\\\/fr\\\/#organization\"},\"potentialAction\":[{\"@type\":\"SearchAction\",\"target\":{\"@type\":\"EntryPoint\",\"urlTemplate\":\"https:\\\/\\\/www.optimalways.com\\\/fr\\\/?s={search_term_string}\"},\"query-input\":{\"@type\":\"PropertyValueSpecification\",\"valueRequired\":true,\"valueName\":\"search_term_string\"}}],\"inLanguage\":\"fr-FR\"},{\"@type\":\"Organization\",\"@id\":\"https:\\\/\\\/www.optimalways.com\\\/fr\\\/#organization\",\"name\":\"Optimal Ways\",\"url\":\"https:\\\/\\\/www.optimalways.com\\\/fr\\\/\",\"logo\":{\"@type\":\"ImageObject\",\"inLanguage\":\"fr-FR\",\"@id\":\"https:\\\/\\\/www.optimalways.com\\\/fr\\\/#\\\/schema\\\/logo\\\/image\\\/\",\"url\":\"https:\\\/\\\/www.optimalways.com\\\/wp-content\\\/uploads\\\/2024\\\/12\\\/optimal-ways.png\",\"contentUrl\":\"https:\\\/\\\/www.optimalways.com\\\/wp-content\\\/uploads\\\/2024\\\/12\\\/optimal-ways.png\",\"width\":515,\"height\":110,\"caption\":\"Optimal Ways\"},\"image\":{\"@id\":\"https:\\\/\\\/www.optimalways.com\\\/fr\\\/#\\\/schema\\\/logo\\\/image\\\/\"},\"sameAs\":[\"https:\\\/\\\/www.linkedin.com\\\/company\\\/optimal-ways\\\/\"]}]}<\/script>\n<!-- \/ Yoast SEO Premium plugin. -->","yoast_head_json":{"title":"Conditions g\u00e9n\u00e9rales d\u2019utilisation - Optimal Ways, l&#039;agence de digital analytics et d&#039;optimisation pour l&#039;ecommerce (Paris, Lille)","description":"Conditions g\u00e9n\u00e9rales d\u2019utilisation Les pr\u00e9sentes conditions g\u00e9n\u00e9rales d\u2019utilisation (ci-apr\u00e8s d\u00e9nomm\u00e9es CGU) ont pour objet de d\u00e9finir les modalit\u00e9s et %","robots":{"index":"index","follow":"follow","max-snippet":"max-snippet:-1","max-image-preview":"max-image-preview:large","max-video-preview":"max-video-preview:-1"},"canonical":"https:\/\/www.optimalways.com\/fr\/conditions-generales-dutilisation\/","og_locale":"fr_FR","og_type":"article","og_title":"Conditions g\u00e9n\u00e9rales d\u2019utilisation","og_description":"Conditions g\u00e9n\u00e9rales d\u2019utilisation Les pr\u00e9sentes conditions g\u00e9n\u00e9rales d\u2019utilisation (ci-apr\u00e8s d\u00e9nomm\u00e9es CGU) ont pour objet de d\u00e9finir les modalit\u00e9s et %","og_url":"https:\/\/www.optimalways.com\/fr\/conditions-generales-dutilisation\/","og_site_name":"Optimal Ways, l&#039;agence de digital analytics et d&#039;optimisation pour l&#039;ecommerce (Paris, Lille)","article_modified_time":"2025-01-20T16:15:55+00:00","twitter_card":"summary_large_image","twitter_misc":{"Dur\u00e9e de lecture estim\u00e9e":"7 minutes"},"schema":{"@context":"https:\/\/schema.org","@graph":[{"@type":"WebPage","@id":"https:\/\/www.optimalways.com\/fr\/conditions-generales-dutilisation\/","url":"https:\/\/www.optimalways.com\/fr\/conditions-generales-dutilisation\/","name":"Conditions g\u00e9n\u00e9rales d\u2019utilisation - Optimal Ways, l&#039;agence de digital analytics et d&#039;optimisation pour l&#039;ecommerce (Paris, Lille)","isPartOf":{"@id":"https:\/\/www.optimalways.com\/fr\/#website"},"datePublished":"2024-12-16T16:36:01+00:00","dateModified":"2025-01-20T16:15:55+00:00","description":"Conditions g\u00e9n\u00e9rales d\u2019utilisation Les pr\u00e9sentes conditions g\u00e9n\u00e9rales d\u2019utilisation (ci-apr\u00e8s d\u00e9nomm\u00e9es CGU) ont pour objet de d\u00e9finir les modalit\u00e9s et %","breadcrumb":{"@id":"https:\/\/www.optimalways.com\/fr\/conditions-generales-dutilisation\/#breadcrumb"},"inLanguage":"fr-FR","potentialAction":[{"@type":"ReadAction","target":["https:\/\/www.optimalways.com\/fr\/conditions-generales-dutilisation\/"]}]},{"@type":"BreadcrumbList","@id":"https:\/\/www.optimalways.com\/fr\/conditions-generales-dutilisation\/#breadcrumb","itemListElement":[{"@type":"ListItem","position":1,"name":"Accueil","item":"https:\/\/www.optimalways.com\/fr\/"},{"@type":"ListItem","position":2,"name":"Conditions g\u00e9n\u00e9rales d\u2019utilisation"}]},{"@type":"WebSite","@id":"https:\/\/www.optimalways.com\/fr\/#website","url":"https:\/\/www.optimalways.com\/fr\/","name":"Optimal Ways, l'agence de digital analytics et d'optimisation pour l'ecommerce (Paris, Lille)","description":"","publisher":{"@id":"https:\/\/www.optimalways.com\/fr\/#organization"},"potentialAction":[{"@type":"SearchAction","target":{"@type":"EntryPoint","urlTemplate":"https:\/\/www.optimalways.com\/fr\/?s={search_term_string}"},"query-input":{"@type":"PropertyValueSpecification","valueRequired":true,"valueName":"search_term_string"}}],"inLanguage":"fr-FR"},{"@type":"Organization","@id":"https:\/\/www.optimalways.com\/fr\/#organization","name":"Optimal Ways","url":"https:\/\/www.optimalways.com\/fr\/","logo":{"@type":"ImageObject","inLanguage":"fr-FR","@id":"https:\/\/www.optimalways.com\/fr\/#\/schema\/logo\/image\/","url":"https:\/\/www.optimalways.com\/wp-content\/uploads\/2024\/12\/optimal-ways.png","contentUrl":"https:\/\/www.optimalways.com\/wp-content\/uploads\/2024\/12\/optimal-ways.png","width":515,"height":110,"caption":"Optimal Ways"},"image":{"@id":"https:\/\/www.optimalways.com\/fr\/#\/schema\/logo\/image\/"},"sameAs":["https:\/\/www.linkedin.com\/company\/optimal-ways\/"]}]}},"_links":{"self":[{"href":"https:\/\/www.optimalways.com\/fr\/wp-json\/wp\/v2\/pages\/78","targetHints":{"allow":["GET"]}}],"collection":[{"href":"https:\/\/www.optimalways.com\/fr\/wp-json\/wp\/v2\/pages"}],"about":[{"href":"https:\/\/www.optimalways.com\/fr\/wp-json\/wp\/v2\/types\/page"}],"author":[{"embeddable":true,"href":"https:\/\/www.optimalways.com\/fr\/wp-json\/wp\/v2\/users\/1"}],"replies":[{"embeddable":true,"href":"https:\/\/www.optimalways.com\/fr\/wp-json\/wp\/v2\/comments?post=78"}],"version-history":[{"count":7,"href":"https:\/\/www.optimalways.com\/fr\/wp-json\/wp\/v2\/pages\/78\/revisions"}],"predecessor-version":[{"id":10004,"href":"https:\/\/www.optimalways.com\/fr\/wp-json\/wp\/v2\/pages\/78\/revisions\/10004"}],"wp:attachment":[{"href":"https:\/\/www.optimalways.com\/fr\/wp-json\/wp\/v2\/media?parent=78"}],"curies":[{"name":"wp","href":"https:\/\/api.w.org\/{rel}","templated":true}]}}