{"id":65,"date":"2024-12-16T17:28:16","date_gmt":"2024-12-16T16:28:16","guid":{"rendered":"https:\/\/www.optimalways.com\/?page_id=65"},"modified":"2025-01-24T11:06:00","modified_gmt":"2025-01-24T10:06:00","slug":"newsletter","status":"publish","type":"page","link":"https:\/\/www.optimalways.com\/fr\/newsletter\/","title":{"rendered":"Newsletter"},"content":{"rendered":"\t\t<div data-elementor-type=\"wp-page\" data-elementor-id=\"65\" class=\"elementor elementor-65\" data-elementor-post-type=\"page\">\n\t\t\t\t<div class=\"elementor-element elementor-element-6baf06a e-flex e-con-boxed e-con e-parent\" data-id=\"6baf06a\" data-element_type=\"container\" data-e-type=\"container\" data-settings=\"{&quot;background_background&quot;:&quot;classic&quot;}\">\n\t\t\t\t\t<div class=\"e-con-inner\">\n\t\t<div class=\"elementor-element elementor-element-3839f66 e-con-full e-flex e-con e-child\" data-id=\"3839f66\" data-element_type=\"container\" data-e-type=\"container\">\n\t\t\t\t<div class=\"elementor-element elementor-element-f86bc70 elementor-widget__width-initial elementor-widget elementor-widget-heading\" data-id=\"f86bc70\" data-element_type=\"widget\" data-e-type=\"widget\" data-widget_type=\"heading.default\">\n\t\t\t\t<div class=\"elementor-widget-container\">\n\t\t\t\t\t<h1 class=\"elementor-heading-title elementor-size-default\">Newsletter<\/h1>\t\t\t\t<\/div>\n\t\t\t\t<\/div>\n\t\t\t\t<div class=\"elementor-element elementor-element-3ccdf5a elementor-widget elementor-widget-text-editor\" data-id=\"3ccdf5a\" data-element_type=\"widget\" data-e-type=\"widget\" data-widget_type=\"text-editor.default\">\n\t\t\t\t<div class=\"elementor-widget-container\">\n\t\t\t\t\t\t\t\t\t<p>Inscrivez-vous \u00e0 notre newsletter pour recevoir notre actualit\u00e9 directement dans votre bo\u00eete mail :<\/p>\t\t\t\t\t\t\t\t<\/div>\n\t\t\t\t<\/div>\n\t\t\t\t<\/div>\n\t\t\t\t\t<\/div>\n\t\t\t\t<\/div>\n\t\t<div class=\"elementor-element elementor-element-ef23425 e-flex e-con-boxed e-con e-parent\" data-id=\"ef23425\" data-element_type=\"container\" data-e-type=\"container\">\n\t\t\t\t\t<div class=\"e-con-inner\">\n\t\t\t\t<div class=\"elementor-element elementor-element-b3b83ff elementor-widget elementor-widget-shortcode\" data-id=\"b3b83ff\" data-element_type=\"widget\" data-e-type=\"widget\" data-widget_type=\"shortcode.default\">\n\t\t\t\t<div class=\"elementor-widget-container\">\n\t\t\t\t\t\t\t<div class=\"elementor-shortcode\">\n\t\t\t\t\t\t<script>\n\t\t\t\t\t\t\twindow.hsFormsOnReady = window.hsFormsOnReady || [];\n\t\t\t\t\t\t\twindow.hsFormsOnReady.push(()=>{\n\t\t\t\t\t\t\t\thbspt.forms.create({\n\t\t\t\t\t\t\t\t\tportalId: 7714570,\n\t\t\t\t\t\t\t\t\tformId: \"fc5d6493-bbb7-4e7a-824d-037582073b35\",\n\t\t\t\t\t\t\t\t\ttarget: \"#hbspt-form-1776293750000-3068108968\",\n\t\t\t\t\t\t\t\t\tregion: \"na1\",\n\t\t\t\t\t\t\t\t\t\n\t\t\t\t\t\t\t})});\n\t\t\t\t\t\t<\/script>\n\t\t\t\t\t\t<div class=\"hbspt-form\" id=\"hbspt-form-1776293750000-3068108968\"><\/div><\/div>\n\t\t\t\t\t\t<\/div>\n\t\t\t\t<\/div>\n\t\t\t\t\t<\/div>\n\t\t\t\t<\/div>\n\t\t\t\t<\/div>\n\t\t","protected":false},"excerpt":{"rendered":"<p>Newsletter Inscrivez-vous \u00e0 notre newsletter pour recevoir notre actualit\u00e9 directement dans votre bo\u00eete mail :<\/p>\n","protected":false},"author":1,"featured_media":0,"parent":0,"menu_order":0,"comment_status":"closed","ping_status":"closed","template":"","meta":{"content-type":"","footnotes":""},"class_list":["post-65","page","type-page","status-publish","hentry"],"yoast_head":"<!-- This site is optimized with the Yoast SEO Premium plugin v26.6 (Yoast SEO v27.0) - https:\/\/yoast.com\/product\/yoast-seo-premium-wordpress\/ -->\n<title>Newsletter - Optimal Ways, l&#039;agence de digital analytics et d&#039;optimisation pour l&#039;ecommerce (Paris, Lille)<\/title>\n<meta name=\"description\" content=\"Newsletter    Inscrivez-vous \u00e0 notre newsletter pour recevoir notre actualit\u00e9 directement dans votre bo\u00eete mail : %\" \/>\n<meta name=\"robots\" content=\"index, follow, max-snippet:-1, max-image-preview:large, max-video-preview:-1\" \/>\n<link rel=\"canonical\" href=\"https:\/\/www.optimalways.com\/fr\/newsletter\/\" \/>\n<meta property=\"og:locale\" content=\"fr_FR\" \/>\n<meta property=\"og:type\" content=\"article\" \/>\n<meta property=\"og:title\" content=\"Newsletter\" \/>\n<meta property=\"og:description\" content=\"Newsletter    Inscrivez-vous \u00e0 notre newsletter pour recevoir notre actualit\u00e9 directement dans votre bo\u00eete mail : %\" \/>\n<meta property=\"og:url\" content=\"https:\/\/www.optimalways.com\/fr\/newsletter\/\" \/>\n<meta property=\"og:site_name\" content=\"Optimal Ways, l&#039;agence de digital analytics et d&#039;optimisation pour l&#039;ecommerce (Paris, Lille)\" \/>\n<meta property=\"article:modified_time\" content=\"2025-01-24T10:06:00+00:00\" \/>\n<meta name=\"twitter:card\" content=\"summary_large_image\" \/>\n<script type=\"application\/ld+json\" class=\"yoast-schema-graph\">{\"@context\":\"https:\/\/schema.org\",\"@graph\":[{\"@type\":\"WebPage\",\"@id\":\"https:\/\/www.optimalways.com\/fr\/newsletter\/\",\"url\":\"https:\/\/www.optimalways.com\/fr\/newsletter\/\",\"name\":\"Newsletter - Optimal Ways, l&#039;agence de digital analytics et d&#039;optimisation pour l&#039;ecommerce (Paris, Lille)\",\"isPartOf\":{\"@id\":\"https:\/\/www.optimalways.com\/fr\/#website\"},\"datePublished\":\"2024-12-16T16:28:16+00:00\",\"dateModified\":\"2025-01-24T10:06:00+00:00\",\"description\":\"Newsletter Inscrivez-vous \u00e0 notre newsletter pour recevoir notre actualit\u00e9 directement dans votre bo\u00eete mail : %\",\"breadcrumb\":{\"@id\":\"https:\/\/www.optimalways.com\/fr\/newsletter\/#breadcrumb\"},\"inLanguage\":\"fr-FR\",\"potentialAction\":[{\"@type\":\"ReadAction\",\"target\":[\"https:\/\/www.optimalways.com\/fr\/newsletter\/\"]}]},{\"@type\":\"BreadcrumbList\",\"@id\":\"https:\/\/www.optimalways.com\/fr\/newsletter\/#breadcrumb\",\"itemListElement\":[{\"@type\":\"ListItem\",\"position\":1,\"name\":\"Accueil\",\"item\":\"https:\/\/www.optimalways.com\/fr\/\"},{\"@type\":\"ListItem\",\"position\":2,\"name\":\"Newsletter\"}]},{\"@type\":\"WebSite\",\"@id\":\"https:\/\/www.optimalways.com\/fr\/#website\",\"url\":\"https:\/\/www.optimalways.com\/fr\/\",\"name\":\"Optimal Ways, l'agence de digital analytics et d'optimisation pour l'ecommerce (Paris, Lille)\",\"description\":\"\",\"publisher\":{\"@id\":\"https:\/\/www.optimalways.com\/fr\/#organization\"},\"potentialAction\":[{\"@type\":\"SearchAction\",\"target\":{\"@type\":\"EntryPoint\",\"urlTemplate\":\"https:\/\/www.optimalways.com\/fr\/?s={search_term_string}\"},\"query-input\":{\"@type\":\"PropertyValueSpecification\",\"valueRequired\":true,\"valueName\":\"search_term_string\"}}],\"inLanguage\":\"fr-FR\"},{\"@type\":\"Organization\",\"@id\":\"https:\/\/www.optimalways.com\/fr\/#organization\",\"name\":\"Optimal Ways\",\"url\":\"https:\/\/www.optimalways.com\/fr\/\",\"logo\":{\"@type\":\"ImageObject\",\"inLanguage\":\"fr-FR\",\"@id\":\"https:\/\/www.optimalways.com\/fr\/#\/schema\/logo\/image\/\",\"url\":\"https:\/\/www.optimalways.com\/wp-content\/uploads\/2024\/12\/optimal-ways.png\",\"contentUrl\":\"https:\/\/www.optimalways.com\/wp-content\/uploads\/2024\/12\/optimal-ways.png\",\"width\":515,\"height\":110,\"caption\":\"Optimal Ways\"},\"image\":{\"@id\":\"https:\/\/www.optimalways.com\/fr\/#\/schema\/logo\/image\/\"},\"sameAs\":[\"https:\/\/www.linkedin.com\/company\/optimal-ways\/\"]}]}<\/script>\n<!-- \/ Yoast SEO Premium plugin. -->","yoast_head_json":{"title":"Newsletter - Optimal Ways, l&#039;agence de digital analytics et d&#039;optimisation pour l&#039;ecommerce (Paris, Lille)","description":"Newsletter    Inscrivez-vous \u00e0 notre newsletter pour recevoir notre actualit\u00e9 directement dans votre bo\u00eete mail : %","robots":{"index":"index","follow":"follow","max-snippet":"max-snippet:-1","max-image-preview":"max-image-preview:large","max-video-preview":"max-video-preview:-1"},"canonical":"https:\/\/www.optimalways.com\/fr\/newsletter\/","og_locale":"fr_FR","og_type":"article","og_title":"Newsletter","og_description":"Newsletter    Inscrivez-vous \u00e0 notre newsletter pour recevoir notre actualit\u00e9 directement dans votre bo\u00eete mail : %","og_url":"https:\/\/www.optimalways.com\/fr\/newsletter\/","og_site_name":"Optimal Ways, l&#039;agence de digital analytics et d&#039;optimisation pour l&#039;ecommerce (Paris, Lille)","article_modified_time":"2025-01-24T10:06:00+00:00","twitter_card":"summary_large_image","schema":{"@context":"https:\/\/schema.org","@graph":[{"@type":"WebPage","@id":"https:\/\/www.optimalways.com\/fr\/newsletter\/","url":"https:\/\/www.optimalways.com\/fr\/newsletter\/","name":"Newsletter - Optimal Ways, l&#039;agence de digital analytics et d&#039;optimisation pour l&#039;ecommerce (Paris, Lille)","isPartOf":{"@id":"https:\/\/www.optimalways.com\/fr\/#website"},"datePublished":"2024-12-16T16:28:16+00:00","dateModified":"2025-01-24T10:06:00+00:00","description":"Newsletter Inscrivez-vous \u00e0 notre newsletter pour recevoir notre actualit\u00e9 directement dans votre bo\u00eete mail : %","breadcrumb":{"@id":"https:\/\/www.optimalways.com\/fr\/newsletter\/#breadcrumb"},"inLanguage":"fr-FR","potentialAction":[{"@type":"ReadAction","target":["https:\/\/www.optimalways.com\/fr\/newsletter\/"]}]},{"@type":"BreadcrumbList","@id":"https:\/\/www.optimalways.com\/fr\/newsletter\/#breadcrumb","itemListElement":[{"@type":"ListItem","position":1,"name":"Accueil","item":"https:\/\/www.optimalways.com\/fr\/"},{"@type":"ListItem","position":2,"name":"Newsletter"}]},{"@type":"WebSite","@id":"https:\/\/www.optimalways.com\/fr\/#website","url":"https:\/\/www.optimalways.com\/fr\/","name":"Optimal Ways, l'agence de digital analytics et d'optimisation pour l'ecommerce (Paris, Lille)","description":"","publisher":{"@id":"https:\/\/www.optimalways.com\/fr\/#organization"},"potentialAction":[{"@type":"SearchAction","target":{"@type":"EntryPoint","urlTemplate":"https:\/\/www.optimalways.com\/fr\/?s={search_term_string}"},"query-input":{"@type":"PropertyValueSpecification","valueRequired":true,"valueName":"search_term_string"}}],"inLanguage":"fr-FR"},{"@type":"Organization","@id":"https:\/\/www.optimalways.com\/fr\/#organization","name":"Optimal Ways","url":"https:\/\/www.optimalways.com\/fr\/","logo":{"@type":"ImageObject","inLanguage":"fr-FR","@id":"https:\/\/www.optimalways.com\/fr\/#\/schema\/logo\/image\/","url":"https:\/\/www.optimalways.com\/wp-content\/uploads\/2024\/12\/optimal-ways.png","contentUrl":"https:\/\/www.optimalways.com\/wp-content\/uploads\/2024\/12\/optimal-ways.png","width":515,"height":110,"caption":"Optimal Ways"},"image":{"@id":"https:\/\/www.optimalways.com\/fr\/#\/schema\/logo\/image\/"},"sameAs":["https:\/\/www.linkedin.com\/company\/optimal-ways\/"]}]}},"_links":{"self":[{"href":"https:\/\/www.optimalways.com\/fr\/wp-json\/wp\/v2\/pages\/65","targetHints":{"allow":["GET"]}}],"collection":[{"href":"https:\/\/www.optimalways.com\/fr\/wp-json\/wp\/v2\/pages"}],"about":[{"href":"https:\/\/www.optimalways.com\/fr\/wp-json\/wp\/v2\/types\/page"}],"author":[{"embeddable":true,"href":"https:\/\/www.optimalways.com\/fr\/wp-json\/wp\/v2\/users\/1"}],"replies":[{"embeddable":true,"href":"https:\/\/www.optimalways.com\/fr\/wp-json\/wp\/v2\/comments?post=65"}],"version-history":[{"count":10,"href":"https:\/\/www.optimalways.com\/fr\/wp-json\/wp\/v2\/pages\/65\/revisions"}],"predecessor-version":[{"id":10992,"href":"https:\/\/www.optimalways.com\/fr\/wp-json\/wp\/v2\/pages\/65\/revisions\/10992"}],"wp:attachment":[{"href":"https:\/\/www.optimalways.com\/fr\/wp-json\/wp\/v2\/media?parent=65"}],"curies":[{"name":"wp","href":"https:\/\/api.w.org\/{rel}","templated":true}]}}