{"id":3,"date":"2024-12-16T12:51:54","date_gmt":"2024-12-16T11:51:54","guid":{"rendered":"https:\/\/www.optimalways.com\/?page_id=3"},"modified":"2026-02-27T14:41:31","modified_gmt":"2026-02-27T13:41:31","slug":"mentions-legales","status":"publish","type":"page","link":"https:\/\/www.optimalways.com\/fr\/mentions-legales\/","title":{"rendered":"Mentions l\u00e9gales"},"content":{"rendered":"\t\t<div data-elementor-type=\"wp-page\" data-elementor-id=\"3\" class=\"elementor elementor-3\" data-elementor-post-type=\"page\">\n\t\t\t\t<div class=\"elementor-element elementor-element-c1a4cba e-flex e-con-boxed e-con e-parent\" data-id=\"c1a4cba\" data-element_type=\"container\" data-e-type=\"container\" data-settings=\"{&quot;background_background&quot;:&quot;classic&quot;}\">\n\t\t\t\t\t<div class=\"e-con-inner\">\n\t\t<div class=\"elementor-element elementor-element-2b7099c e-con-full e-flex e-con e-child\" data-id=\"2b7099c\" data-element_type=\"container\" data-e-type=\"container\">\n\t\t\t\t<div class=\"elementor-element elementor-element-39f0f54 elementor-widget__width-initial elementor-widget elementor-widget-heading\" data-id=\"39f0f54\" data-element_type=\"widget\" data-e-type=\"widget\" data-widget_type=\"heading.default\">\n\t\t\t\t<div class=\"elementor-widget-container\">\n\t\t\t\t\t<h1 class=\"elementor-heading-title elementor-size-default\">Mentions l\u00e9gales<\/h1>\t\t\t\t<\/div>\n\t\t\t\t<\/div>\n\t\t\t\t<\/div>\n\t\t\t\t\t<\/div>\n\t\t\t\t<\/div>\n\t\t<div class=\"elementor-element elementor-element-9bbdcde e-flex e-con-boxed e-con e-parent\" data-id=\"9bbdcde\" data-element_type=\"container\" data-e-type=\"container\">\n\t\t\t\t\t<div class=\"e-con-inner\">\n\t\t\t\t<div class=\"elementor-element elementor-element-4ec1ab6 elementor-widget elementor-widget-text-editor\" data-id=\"4ec1ab6\" data-element_type=\"widget\" data-e-type=\"widget\" data-widget_type=\"text-editor.default\">\n\t\t\t\t<div class=\"elementor-widget-container\">\n\t\t\t\t\t\t\t\t\t<h2>Informations \u00e9diteur<\/h2><p>Directeur de la publication : Nicolas Malo<\/p><p>Optimal Ways<br \/>55 Rue de Luxembourg, 59800 Lille<br \/>France<br \/>+33(0)3 59 36 50 35<br \/>contact (at) optimalways.com<\/p><p>SAS au capital de 25.500 \u20ac<br \/>Prestataire de formation enregistr\u00e9 sous le num\u00e9ro 31 59 07809 59 aupr\u00e8s du Pr\u00e9fet du Nord-Pas-de-Calais.<br \/>RCS Lille M\u00e9tropole 534 851 514 \u2013 SIRET : 534 851 514 000 16 \u2013 APE : 7022Z<br \/>N\u00b0 TVA intracommunautaire : FR 51 534 851 514<\/p><h2>Conception et d\u00e9veloppement web<\/h2><p>Studio PeekSee : <a href=\"https:\/\/peeksee.fr\" target=\"_blank\" rel=\"noopener\">peeksee.fr<\/a><\/p><h2>Informations h\u00e9bergeur<\/h2><p>Soci\u00e9t\u00e9 OVH SAS \u2013 2 rue Kellermann 59100 Roubaix \u2013 France \u2013 08 203 203 63<\/p><p>Les logos, les illustrations et le contenu du site sont la propri\u00e9t\u00e9 d\u2019Optimal Ways SAS et ne peuvent \u00eatre utilis\u00e9s ou reproduits sans autorisation \u00e9crite pr\u00e9alable.<\/p>\t\t\t\t\t\t\t\t<\/div>\n\t\t\t\t<\/div>\n\t\t\t\t\t<\/div>\n\t\t\t\t<\/div>\n\t\t\t\t<\/div>\n\t\t","protected":false},"excerpt":{"rendered":"<p>Mentions l\u00e9gales Informations \u00e9diteur Directeur de la publication : Nicolas Malo Optimal Ways55 Rue de Luxembourg, 59800 LilleFrance+33(0)3 59 36 50 35contact (at) optimalways.com SAS au capital de 25.500 \u20acPrestataire de formation enregistr\u00e9 sous le num\u00e9ro 31 59 07809 59 aupr\u00e8s du Pr\u00e9fet du Nord-Pas-de-Calais.RCS Lille M\u00e9tropole 534 851 514 \u2013 SIRET : 534 851 [&hellip;]<\/p>\n","protected":false},"author":1,"featured_media":0,"parent":0,"menu_order":0,"comment_status":"closed","ping_status":"open","template":"","meta":{"content-type":"","footnotes":""},"class_list":["post-3","page","type-page","status-publish","hentry"],"yoast_head":"<!-- This site is optimized with the Yoast SEO Premium plugin v26.6 (Yoast SEO v27.4) - https:\/\/yoast.com\/product\/yoast-seo-premium-wordpress\/ -->\n<title>Mentions l\u00e9gales - Optimal Ways, l&#039;agence de digital analytics et d&#039;optimisation pour l&#039;ecommerce (Paris, Lille)<\/title>\n<meta name=\"description\" content=\"Mentions l\u00e9gales Informations \u00e9diteurDirecteur de la publication : Nicolas MaloOptimal Ways55 Rue de Luxembourg, 59800 LilleFrance+33(0)3 59 36 50 %\" \/>\n<meta name=\"robots\" content=\"index, follow, max-snippet:-1, max-image-preview:large, max-video-preview:-1\" \/>\n<link rel=\"canonical\" href=\"https:\/\/www.optimalways.com\/fr\/mentions-legales\/\" \/>\n<meta property=\"og:locale\" content=\"fr_FR\" \/>\n<meta property=\"og:type\" content=\"article\" \/>\n<meta property=\"og:title\" content=\"Mentions l\u00e9gales\" \/>\n<meta property=\"og:description\" content=\"Mentions l\u00e9gales Informations \u00e9diteurDirecteur de la publication : Nicolas MaloOptimal Ways55 Rue de Luxembourg, 59800 LilleFrance+33(0)3 59 36 50 %\" \/>\n<meta property=\"og:url\" content=\"https:\/\/www.optimalways.com\/fr\/mentions-legales\/\" \/>\n<meta property=\"og:site_name\" content=\"Optimal Ways, l&#039;agence de digital analytics et d&#039;optimisation pour l&#039;ecommerce (Paris, Lille)\" \/>\n<meta property=\"article:modified_time\" content=\"2026-02-27T13:41:31+00:00\" \/>\n<meta name=\"twitter:card\" content=\"summary_large_image\" \/>\n<meta name=\"twitter:label1\" content=\"Dur\u00e9e de lecture estim\u00e9e\" \/>\n\t<meta name=\"twitter:data1\" content=\"1 minute\" \/>\n<script type=\"application\/ld+json\" class=\"yoast-schema-graph\">{\"@context\":\"https:\\\/\\\/schema.org\",\"@graph\":[{\"@type\":\"WebPage\",\"@id\":\"https:\\\/\\\/www.optimalways.com\\\/fr\\\/mentions-legales\\\/\",\"url\":\"https:\\\/\\\/www.optimalways.com\\\/fr\\\/mentions-legales\\\/\",\"name\":\"Mentions l\u00e9gales - Optimal Ways, l&#039;agence de digital analytics et d&#039;optimisation pour l&#039;ecommerce (Paris, Lille)\",\"isPartOf\":{\"@id\":\"https:\\\/\\\/www.optimalways.com\\\/fr\\\/#website\"},\"datePublished\":\"2024-12-16T11:51:54+00:00\",\"dateModified\":\"2026-02-27T13:41:31+00:00\",\"description\":\"Mentions l\u00e9gales Informations \u00e9diteurDirecteur de la publication : Nicolas MaloOptimal Ways55 Rue de Luxembourg, 59800 LilleFrance+33(0)3 59 36 50 %\",\"breadcrumb\":{\"@id\":\"https:\\\/\\\/www.optimalways.com\\\/fr\\\/mentions-legales\\\/#breadcrumb\"},\"inLanguage\":\"fr-FR\",\"potentialAction\":[{\"@type\":\"ReadAction\",\"target\":[\"https:\\\/\\\/www.optimalways.com\\\/fr\\\/mentions-legales\\\/\"]}]},{\"@type\":\"BreadcrumbList\",\"@id\":\"https:\\\/\\\/www.optimalways.com\\\/fr\\\/mentions-legales\\\/#breadcrumb\",\"itemListElement\":[{\"@type\":\"ListItem\",\"position\":1,\"name\":\"Accueil\",\"item\":\"https:\\\/\\\/www.optimalways.com\\\/fr\\\/\"},{\"@type\":\"ListItem\",\"position\":2,\"name\":\"Mentions l\u00e9gales\"}]},{\"@type\":\"WebSite\",\"@id\":\"https:\\\/\\\/www.optimalways.com\\\/fr\\\/#website\",\"url\":\"https:\\\/\\\/www.optimalways.com\\\/fr\\\/\",\"name\":\"Optimal Ways, l'agence de digital analytics et d'optimisation pour l'ecommerce (Paris, Lille)\",\"description\":\"\",\"publisher\":{\"@id\":\"https:\\\/\\\/www.optimalways.com\\\/fr\\\/#organization\"},\"potentialAction\":[{\"@type\":\"SearchAction\",\"target\":{\"@type\":\"EntryPoint\",\"urlTemplate\":\"https:\\\/\\\/www.optimalways.com\\\/fr\\\/?s={search_term_string}\"},\"query-input\":{\"@type\":\"PropertyValueSpecification\",\"valueRequired\":true,\"valueName\":\"search_term_string\"}}],\"inLanguage\":\"fr-FR\"},{\"@type\":\"Organization\",\"@id\":\"https:\\\/\\\/www.optimalways.com\\\/fr\\\/#organization\",\"name\":\"Optimal Ways\",\"url\":\"https:\\\/\\\/www.optimalways.com\\\/fr\\\/\",\"logo\":{\"@type\":\"ImageObject\",\"inLanguage\":\"fr-FR\",\"@id\":\"https:\\\/\\\/www.optimalways.com\\\/fr\\\/#\\\/schema\\\/logo\\\/image\\\/\",\"url\":\"https:\\\/\\\/www.optimalways.com\\\/wp-content\\\/uploads\\\/2024\\\/12\\\/optimal-ways.png\",\"contentUrl\":\"https:\\\/\\\/www.optimalways.com\\\/wp-content\\\/uploads\\\/2024\\\/12\\\/optimal-ways.png\",\"width\":515,\"height\":110,\"caption\":\"Optimal Ways\"},\"image\":{\"@id\":\"https:\\\/\\\/www.optimalways.com\\\/fr\\\/#\\\/schema\\\/logo\\\/image\\\/\"},\"sameAs\":[\"https:\\\/\\\/www.linkedin.com\\\/company\\\/optimal-ways\\\/\"]}]}<\/script>\n<!-- \/ Yoast SEO Premium plugin. -->","yoast_head_json":{"title":"Mentions l\u00e9gales - Optimal Ways, l&#039;agence de digital analytics et d&#039;optimisation pour l&#039;ecommerce (Paris, Lille)","description":"Mentions l\u00e9gales Informations \u00e9diteurDirecteur de la publication : Nicolas MaloOptimal Ways55 Rue de Luxembourg, 59800 LilleFrance+33(0)3 59 36 50 %","robots":{"index":"index","follow":"follow","max-snippet":"max-snippet:-1","max-image-preview":"max-image-preview:large","max-video-preview":"max-video-preview:-1"},"canonical":"https:\/\/www.optimalways.com\/fr\/mentions-legales\/","og_locale":"fr_FR","og_type":"article","og_title":"Mentions l\u00e9gales","og_description":"Mentions l\u00e9gales Informations \u00e9diteurDirecteur de la publication : Nicolas MaloOptimal Ways55 Rue de Luxembourg, 59800 LilleFrance+33(0)3 59 36 50 %","og_url":"https:\/\/www.optimalways.com\/fr\/mentions-legales\/","og_site_name":"Optimal Ways, l&#039;agence de digital analytics et d&#039;optimisation pour l&#039;ecommerce (Paris, Lille)","article_modified_time":"2026-02-27T13:41:31+00:00","twitter_card":"summary_large_image","twitter_misc":{"Dur\u00e9e de lecture estim\u00e9e":"1 minute"},"schema":{"@context":"https:\/\/schema.org","@graph":[{"@type":"WebPage","@id":"https:\/\/www.optimalways.com\/fr\/mentions-legales\/","url":"https:\/\/www.optimalways.com\/fr\/mentions-legales\/","name":"Mentions l\u00e9gales - Optimal Ways, l&#039;agence de digital analytics et d&#039;optimisation pour l&#039;ecommerce (Paris, Lille)","isPartOf":{"@id":"https:\/\/www.optimalways.com\/fr\/#website"},"datePublished":"2024-12-16T11:51:54+00:00","dateModified":"2026-02-27T13:41:31+00:00","description":"Mentions l\u00e9gales Informations \u00e9diteurDirecteur de la publication : Nicolas MaloOptimal Ways55 Rue de Luxembourg, 59800 LilleFrance+33(0)3 59 36 50 %","breadcrumb":{"@id":"https:\/\/www.optimalways.com\/fr\/mentions-legales\/#breadcrumb"},"inLanguage":"fr-FR","potentialAction":[{"@type":"ReadAction","target":["https:\/\/www.optimalways.com\/fr\/mentions-legales\/"]}]},{"@type":"BreadcrumbList","@id":"https:\/\/www.optimalways.com\/fr\/mentions-legales\/#breadcrumb","itemListElement":[{"@type":"ListItem","position":1,"name":"Accueil","item":"https:\/\/www.optimalways.com\/fr\/"},{"@type":"ListItem","position":2,"name":"Mentions l\u00e9gales"}]},{"@type":"WebSite","@id":"https:\/\/www.optimalways.com\/fr\/#website","url":"https:\/\/www.optimalways.com\/fr\/","name":"Optimal Ways, l'agence de digital analytics et d'optimisation pour l'ecommerce (Paris, Lille)","description":"","publisher":{"@id":"https:\/\/www.optimalways.com\/fr\/#organization"},"potentialAction":[{"@type":"SearchAction","target":{"@type":"EntryPoint","urlTemplate":"https:\/\/www.optimalways.com\/fr\/?s={search_term_string}"},"query-input":{"@type":"PropertyValueSpecification","valueRequired":true,"valueName":"search_term_string"}}],"inLanguage":"fr-FR"},{"@type":"Organization","@id":"https:\/\/www.optimalways.com\/fr\/#organization","name":"Optimal Ways","url":"https:\/\/www.optimalways.com\/fr\/","logo":{"@type":"ImageObject","inLanguage":"fr-FR","@id":"https:\/\/www.optimalways.com\/fr\/#\/schema\/logo\/image\/","url":"https:\/\/www.optimalways.com\/wp-content\/uploads\/2024\/12\/optimal-ways.png","contentUrl":"https:\/\/www.optimalways.com\/wp-content\/uploads\/2024\/12\/optimal-ways.png","width":515,"height":110,"caption":"Optimal Ways"},"image":{"@id":"https:\/\/www.optimalways.com\/fr\/#\/schema\/logo\/image\/"},"sameAs":["https:\/\/www.linkedin.com\/company\/optimal-ways\/"]}]}},"_links":{"self":[{"href":"https:\/\/www.optimalways.com\/fr\/wp-json\/wp\/v2\/pages\/3","targetHints":{"allow":["GET"]}}],"collection":[{"href":"https:\/\/www.optimalways.com\/fr\/wp-json\/wp\/v2\/pages"}],"about":[{"href":"https:\/\/www.optimalways.com\/fr\/wp-json\/wp\/v2\/types\/page"}],"author":[{"embeddable":true,"href":"https:\/\/www.optimalways.com\/fr\/wp-json\/wp\/v2\/users\/1"}],"replies":[{"embeddable":true,"href":"https:\/\/www.optimalways.com\/fr\/wp-json\/wp\/v2\/comments?post=3"}],"version-history":[{"count":16,"href":"https:\/\/www.optimalways.com\/fr\/wp-json\/wp\/v2\/pages\/3\/revisions"}],"predecessor-version":[{"id":14062,"href":"https:\/\/www.optimalways.com\/fr\/wp-json\/wp\/v2\/pages\/3\/revisions\/14062"}],"wp:attachment":[{"href":"https:\/\/www.optimalways.com\/fr\/wp-json\/wp\/v2\/media?parent=3"}],"curies":[{"name":"wp","href":"https:\/\/api.w.org\/{rel}","templated":true}]}}